{"id":2012,"date":"2024-04-29T02:58:15","date_gmt":"2024-04-29T00:58:15","guid":{"rendered":"https:\/\/passiontrekking.com\/?page_id=2012"},"modified":"2024-05-26T05:59:36","modified_gmt":"2024-05-26T03:59:36","slug":"collecte-de-fonds","status":"publish","type":"page","link":"https:\/\/passiontrekking.com\/en\/randonnees\/projet-hexatrek\/collecte-de-fonds\/","title":{"rendered":"CHU Sainte-Justine Fundraising"},"content":{"rendered":"<div class=\"wp-block-cover alignfull has-ast-global-color-4-color has-text-color wp-duotone-unset-1\" style=\"margin-top:var(--wp--preset--spacing--20);margin-bottom:var(--wp--preset--spacing--20);padding-right:var(--wp--preset--spacing--20);padding-left:var(--wp--preset--spacing--20);letter-spacing:2px;line-height:1.3\"><span aria-hidden=\"true\" class=\"wp-block-cover__background has-ast-global-color-2-background-color has-background-dim-60 has-background-dim\"><\/span><img fetchpriority=\"high\" decoding=\"async\" width=\"1080\" height=\"912\" class=\"wp-block-cover__image-background wp-image-2329\" alt=\"\" src=\"http:\/\/passiontrekking.com\/wp-content\/uploads\/2024\/05\/Voir-Grand-Marine.jpg\" data-object-fit=\"cover\" srcset=\"https:\/\/passiontrekking.com\/wp-content\/uploads\/2024\/05\/Voir-Grand-Marine.jpg 1080w, https:\/\/passiontrekking.com\/wp-content\/uploads\/2024\/05\/Voir-Grand-Marine-300x253.jpg 300w, https:\/\/passiontrekking.com\/wp-content\/uploads\/2024\/05\/Voir-Grand-Marine-600x507.jpg 600w, https:\/\/passiontrekking.com\/wp-content\/uploads\/2024\/05\/Voir-Grand-Marine-1024x865.jpg 1024w, https:\/\/passiontrekking.com\/wp-content\/uploads\/2024\/05\/Voir-Grand-Marine-768x649.jpg 768w\" sizes=\"(max-width: 1080px) 100vw, 1080px\" \/><div class=\"wp-block-cover__inner-container is-layout-constrained wp-container-core-cover-is-layout-f03e5acf wp-block-cover-is-layout-constrained\">\n<p class=\"has-text-align-center has-ast-global-color-4-color has-text-color has-large-font-size\" style=\"padding-top:var(--wp--preset--spacing--30);padding-right:var(--wp--preset--spacing--20);padding-bottom:var(--wp--preset--spacing--30);padding-left:var(--wp--preset--spacing--20)\">Fundraising<\/p>\n\n\n\n<p class=\"has-text-align-center has-ast-global-color-4-color has-text-color has-medium-font-size\">Support the CHU Sainte-Justine Foundation<\/p>\n<\/div><\/div>\n\n\n\n<div style=\"height:26px\" aria-hidden=\"true\" class=\"wp-block-spacer\"><\/div>\n\n\n\n<div class=\"wp-block-uagb-container uagb-block-31296a86 alignfull uagb-is-root-container\"><div class=\"uagb-container-inner-blocks-wrap\">      \n\t\t\t<div class=\"uagb-icon-wrapper uagb-block-643a9217\"\n\t\t\tstyle=\"\" >\n\t\t\t\t\t\t\t\t\t<span class=\"uagb-svg-wrapper\" \n\t\t\t\t\t aria-label=\"person-hiking\"\t\t\t\t\ttabindex=\"0\">\t\t\n\t\t\t\t\t\t\t\t\t\t<svg xmlns=\"https:\/\/www.w3.org\/2000\/svg\" viewbox= \"0 0 384 512\" role=\"graphics-symbol\" aria-hidden=\"false\" aria-label=\"\"><path d=\"M240 96c26.5 0 48-21.5 48-48S266.5 0 240 0C213.5 0 192 21.5 192 48S213.5 96 240 96zM80.01 287.1c7.31 0 13.97-4.762 15.87-11.86L137 117c.3468-1.291 .5125-2.588 .5125-3.866c0-7.011-4.986-13.44-12.39-15.13C118.4 96.38 111.7 95.6 105.1 95.6c-36.65 0-70 23.84-79.32 59.53L.5119 253.3C.1636 254.6-.0025 255.9-.0025 257.2c0 7.003 4.961 13.42 12.36 15.11L76.01 287.5C77.35 287.8 78.69 287.1 80.01 287.1zM368 160h-15.1c-8.875 0-15.1 7.125-15.1 16V192h-34.75l-46.75-46.75C243.4 134.1 228.6 128 212.9 128C185.9 128 162.5 146.3 155.9 172.5L129 280.3C128.4 282.8 128 285.5 128 288.1c0 8.325 3.265 16.44 9.354 22.53l86.62 86.63V480c0 17.62 14.37 32 31.1 32s32-14.38 32-32v-82.75c0-17.12-6.625-33.13-18.75-45.25l-46.87-46.88c.25-.5 .5-.875 .625-1.375l19.1-79.5l22.37 22.38C271.4 252.6 279.5 256 288 256h47.1v240c0 8.875 7.125 16 15.1 16h15.1C376.9 512 384 504.9 384 496v-320C384 167.1 376.9 160 368 160zM81.01 472.3c-.672 2.63-.993 5.267-.993 7.86c0 14.29 9.749 27.29 24.24 30.89C106.9 511.8 109.5 512 112 512c14.37 0 27.37-9.75 30.1-24.25l25.25-101l-52.75-52.75L81.01 472.3z\"><\/path><\/svg>\n\t\t\t\t\t\t\t\t\t<\/span>\n\t\t\t\t\t\t\t<\/div>\n\t\t\t\n\n\n<h2 class=\"wp-block-heading has-text-align-center has-ast-global-color-3-color has-text-color has-medium-font-size\" style=\"text-transform:uppercase\">3,000 Kilometres to Support Sick Children <\/h2>\n\n\n\n<p class=\"has-medium-font-size\">From June to October 2024, I will set off on a hike of more than 3,000 kilometres on foot to cross France. Beyond the physical and mental challenge of this extraordinary adventure, I also wanted to give a meaningful purpose to every step I take by supporting the CHU Sainte-Justine Foundation. <\/p>\n\n\n\n<p class=\"has-medium-font-size\">Your contribution is essential to making this journey a true success. By donating today, you are helping provide children with the care they need. On behalf of the children and families of Sainte-Justine, I sincerely thank you for your support. Every gesture counts. <\/p>\n\n\n\n<div class=\"wp-block-uagb-container uagb-block-5198624d alignfull uagb-is-root-container\"><div class=\"uagb-container-inner-blocks-wrap\">\n<div class=\"wp-block-uagb-call-to-action uagb-block-e1045e63 wp-block-button\"><div class=\"uagb-cta__wrap\"><h3 class=\"uagb-cta__title\">Make a Donation to the CHU Sainte-Justine Foundation <\/h3><p class=\"uagb-cta__desc\">By clicking this button, you will be redirected to the donation page of my fundraising campaign in support of the CHU Sainte-Justine Foundation. Thank you so much for your generosity. <\/p><\/div><div class=\"uagb-cta__buttons\"><a href=\"https:\/\/secure.fondationstejustine.org\/registrant\/FundraisingPage.aspx?RegistrationID=5421428#&amp;panel1-1\" class=\"uagb-cta__button-link-wrapper wp-block-button__link\" target=\"_blank\" rel=\"noopener noreferrer\">Make a Donation <svg xmlns=\"https:\/\/www.w3.org\/2000\/svg\" viewbox=\"0 0 512 512\"><path d=\"M504.3 273.6l-112.1 104c-6.992 6.484-17.18 8.218-25.94 4.406c-8.758-3.812-14.42-12.45-14.42-21.1L351.9 288H32C14.33 288 .0002 273.7 .0002 255.1S14.33 224 32 224h319.9l0-72c0-9.547 5.66-18.19 14.42-22c8.754-3.809 18.95-2.075 25.94 4.41l112.1 104C514.6 247.9 514.6 264.1 504.3 273.6z\"><\/path><\/svg><\/a><\/div><\/div>\n<\/div><\/div>\n\n\n      \n\t\t\t<div class=\"uagb-icon-wrapper uagb-block-506e6fd5\"\n\t\t\tstyle=\"\" >\n\t\t\t\t\t\t\t\t\t<span class=\"uagb-svg-wrapper\" \n\t\t\t\t\t aria-label=\"heart-pulse\"\t\t\t\t\ttabindex=\"0\">\t\t\n\t\t\t\t\t\t\t\t\t\t<svg xmlns=\"https:\/\/www.w3.org\/2000\/svg\" viewbox= \"0 0 576 512\" role=\"graphics-symbol\" aria-hidden=\"false\" aria-label=\"\"><path d=\"M352.4 243.8l-49.83 99.5c-6.009 12-23.41 11.62-28.92-.625L216.7 216.3l-30.05 71.75L88.55 288l176.4 182.2c12.66 13.07 33.36 13.07 46.03 0l176.4-182.2l-112.1 .0052L352.4 243.8zM495.2 62.86c-54.36-46.98-137.5-38.5-187.5 13.06L288 96.25L268.3 75.92C218.3 24.36 135.2 15.88 80.81 62.86C23.37 112.5 16.84 197.6 60.18 256h105l35.93-86.25c5.508-12.88 23.66-13.12 29.54-.375l58.21 129.4l49.07-98c5.884-11.75 22.78-11.75 28.67 0l27.67 55.25h121.5C559.2 197.6 552.6 112.5 495.2 62.86z\"><\/path><\/svg>\n\t\t\t\t\t\t\t\t\t<\/span>\n\t\t\t\t\t\t\t<\/div>\n\t\t\t\n\n\n<h2 class=\"wp-block-heading has-text-align-center has-ast-global-color-3-color has-text-color has-medium-font-size\" style=\"text-transform:uppercase\">CHU Sainte-Justine Foundation <\/h2>\n\n\n\n<figure class=\"wp-block-image alignfull size-large\"><img decoding=\"async\" width=\"1024\" height=\"173\" src=\"https:\/\/passiontrekking.com\/wp-content\/uploads\/2024\/05\/fondation_chu_sainte_justine_cover-1024x173.jpg\" alt=\"\" class=\"wp-image-2332\" srcset=\"https:\/\/passiontrekking.com\/wp-content\/uploads\/2024\/05\/fondation_chu_sainte_justine_cover-1024x173.jpg 1024w, https:\/\/passiontrekking.com\/wp-content\/uploads\/2024\/05\/fondation_chu_sainte_justine_cover-300x51.jpg 300w, https:\/\/passiontrekking.com\/wp-content\/uploads\/2024\/05\/fondation_chu_sainte_justine_cover-600x102.jpg 600w, https:\/\/passiontrekking.com\/wp-content\/uploads\/2024\/05\/fondation_chu_sainte_justine_cover-768x130.jpg 768w, https:\/\/passiontrekking.com\/wp-content\/uploads\/2024\/05\/fondation_chu_sainte_justine_cover.jpg 1128w\" sizes=\"(max-width: 1024px) 100vw, 1024px\" \/><\/figure>\n\n\n\n<p class=\"has-medium-font-size\">The CHU Sainte-Justine Foundation is a charitable organization that supports the Sainte-Justine University Hospital Center in Montreal, Quebec, Canada. This hospital is dedicated to providing healthcare for children and pregnant women. The CHU Sainte-Justine Foundation raises funds to support research programs, the purchase of advanced medical equipment, the improvement of facilities, and the development of new medical services. Its mission is to provide the best possible care for children and to support their families during difficult times.<\/p>\n\n\n\n<div class=\"wp-block-uagb-buttons uagb-buttons__outer-wrap uagb-btn__default-btn uagb-btn-tablet__default-btn uagb-btn-mobile__default-btn uagb-block-0433e4ab\"><div class=\"uagb-buttons__wrap uagb-buttons-layout-wrap\">\n<div class=\"wp-block-uagb-buttons-child uagb-buttons__outer-wrap uagb-block-a269e654 wp-block-button\"><div class=\"uagb-button__wrapper\"><a class=\"uagb-buttons-repeater wp-block-button__link\" href=\"\/\/www.fondationstejustine.org\/a-propos\/la-fondation\/?_gl=1*12eraya*_up*MQ..&amp;gclid=CjwKCAjwupGyBhBBEiwA0UcqaCFqj0ASsIO0yRFZ-lHPAe3QFNBT80ISQru0iX9IXJZGapIqy_W2nBoCQbMQAvD_BwE\" onclick=\"return true;\" rel=\"follow noopener\" target=\"_self\"><div class=\"uagb-button__link\">Learn More About the Foundation<\/div><\/a><\/div><\/div>\n<\/div><\/div>\n\n\n\n<div style=\"height:26px\" aria-hidden=\"true\" class=\"wp-block-spacer\"><\/div>\n<\/div><\/div>\n\n\n\n<div style=\"height:31px\" aria-hidden=\"true\" class=\"wp-block-spacer\"><\/div>","protected":false},"excerpt":{"rendered":"<p>3000 kilom\u00e8tres pour soutenir les enfants malades De juin \u00e0 octobre 2024, je m&rsquo;\u00e9lancerai dans une randonn\u00e9e de plus 3000 kilom\u00e8tres \u00e0 pieds pour traverser la France. Au-del\u00e0 du d\u00e9fi physique et mental que sera cette aventure extraordinaire, j&rsquo;ai \u00e9galement voulu donner un sens concret \u00e0 chaque pas que je ferai en soutenant la Fondation [&hellip;]<\/p>\n","protected":false},"author":1,"featured_media":0,"parent":1969,"menu_order":0,"comment_status":"closed","ping_status":"closed","template":"","meta":{"om_disable_all_campaigns":false,"_uag_custom_page_level_css":"","_monsterinsights_skip_tracking":false,"_monsterinsights_sitenote_active":false,"_monsterinsights_sitenote_note":"","_monsterinsights_sitenote_category":0,"site-sidebar-layout":"default","site-content-layout":"","ast-site-content-layout":"default","site-content-style":"default","site-sidebar-style":"default","ast-global-header-display":"","ast-banner-title-visibility":"","ast-main-header-display":"","ast-hfb-above-header-display":"","ast-hfb-below-header-display":"","ast-hfb-mobile-header-display":"","site-post-title":"disabled","ast-breadcrumbs-content":"","ast-featured-img":"","footer-sml-layout":"","ast-disable-related-posts":"","theme-transparent-header-meta":"","adv-header-id-meta":"","stick-header-meta":"","header-above-stick-meta":"","header-main-stick-meta":"","header-below-stick-meta":"","astra-migrate-meta-layouts":"set","ast-page-background-enabled":"default","ast-page-background-meta":{"desktop":{"background-color":"","background-image":"","background-repeat":"repeat","background-position":"center center","background-size":"auto","background-attachment":"scroll","background-type":"","background-media":"","overlay-type":"","overlay-color":"","overlay-opacity":"","overlay-gradient":""},"tablet":{"background-color":"","background-image":"","background-repeat":"repeat","background-position":"center center","background-size":"auto","background-attachment":"scroll","background-type":"","background-media":"","overlay-type":"","overlay-color":"","overlay-opacity":"","overlay-gradient":""},"mobile":{"background-color":"","background-image":"","background-repeat":"repeat","background-position":"center center","background-size":"auto","background-attachment":"scroll","background-type":"","background-media":"","overlay-type":"","overlay-color":"","overlay-opacity":"","overlay-gradient":""}},"ast-content-background-meta":{"desktop":{"background-color":"var(--ast-global-color-5)","background-image":"","background-repeat":"repeat","background-position":"center center","background-size":"auto","background-attachment":"scroll","background-type":"","background-media":"","overlay-type":"","overlay-color":"","overlay-opacity":"","overlay-gradient":""},"tablet":{"background-color":"var(--ast-global-color-5)","background-image":"","background-repeat":"repeat","background-position":"center center","background-size":"auto","background-attachment":"scroll","background-type":"","background-media":"","overlay-type":"","overlay-color":"","overlay-opacity":"","overlay-gradient":""},"mobile":{"background-color":"var(--ast-global-color-5)","background-image":"","background-repeat":"repeat","background-position":"center center","background-size":"auto","background-attachment":"scroll","background-type":"","background-media":"","overlay-type":"","overlay-color":"","overlay-opacity":"","overlay-gradient":""}},"footnotes":""},"class_list":["post-2012","page","type-page","status-publish","hentry"],"aioseo_notices":[],"uagb_featured_image_src":{"full":false,"thumbnail":false,"medium":false,"medium_large":false,"large":false,"1536x1536":false,"2048x2048":false,"trp-custom-language-flag":false,"woocommerce_thumbnail":false,"woocommerce_single":false,"woocommerce_gallery_thumbnail":false},"uagb_author_info":{"display_name":"passiontrekking.com","author_link":"https:\/\/passiontrekking.com\/en\/author\/passiontrekking-com\/"},"uagb_comment_info":0,"uagb_excerpt":"3000 kilom\u00e8tres pour soutenir les enfants malades De juin \u00e0 octobre 2024, je m&rsquo;\u00e9lancerai dans une randonn\u00e9e de plus 3000 kilom\u00e8tres \u00e0 pieds pour traverser la France. Au-del\u00e0 du d\u00e9fi physique et mental que sera cette aventure extraordinaire, j&rsquo;ai \u00e9galement voulu donner un sens concret \u00e0 chaque pas que je ferai en soutenant la Fondation&hellip;","jetpack_sharing_enabled":true,"_links":{"self":[{"href":"https:\/\/passiontrekking.com\/en\/wp-json\/wp\/v2\/pages\/2012","targetHints":{"allow":["GET"]}}],"collection":[{"href":"https:\/\/passiontrekking.com\/en\/wp-json\/wp\/v2\/pages"}],"about":[{"href":"https:\/\/passiontrekking.com\/en\/wp-json\/wp\/v2\/types\/page"}],"author":[{"embeddable":true,"href":"https:\/\/passiontrekking.com\/en\/wp-json\/wp\/v2\/users\/1"}],"replies":[{"embeddable":true,"href":"https:\/\/passiontrekking.com\/en\/wp-json\/wp\/v2\/comments?post=2012"}],"version-history":[{"count":21,"href":"https:\/\/passiontrekking.com\/en\/wp-json\/wp\/v2\/pages\/2012\/revisions"}],"predecessor-version":[{"id":2395,"href":"https:\/\/passiontrekking.com\/en\/wp-json\/wp\/v2\/pages\/2012\/revisions\/2395"}],"up":[{"embeddable":true,"href":"https:\/\/passiontrekking.com\/en\/wp-json\/wp\/v2\/pages\/1969"}],"wp:attachment":[{"href":"https:\/\/passiontrekking.com\/en\/wp-json\/wp\/v2\/media?parent=2012"}],"curies":[{"name":"wp","href":"https:\/\/api.w.org\/{rel}","templated":true}]}}