{"id":4487,"date":"2025-12-28T17:18:02","date_gmt":"2025-12-28T16:18:02","guid":{"rendered":"https:\/\/passiontrekking.com\/?page_id=4487"},"modified":"2026-03-18T01:00:28","modified_gmt":"2026-03-18T00:00:28","slug":"portraits","status":"publish","type":"page","link":"https:\/\/passiontrekking.com\/en\/portraits\/","title":{"rendered":"Stories That Inspire"},"content":{"rendered":"<div class=\"wp-block-uagb-container uagb-block-7xz7qayz alignfull uagb-is-root-container\"><div class=\"uagb-container-inner-blocks-wrap\">\n<div class=\"wp-block-uagb-container uagb-block-nwbdqcqj\">\n<div class=\"wp-block-uagb-info-box uagb-block-xmua3wlv uagb-infobox__content-wrap  uagb-infobox-icon-above-title uagb-infobox-image-valign-top\"><div class=\"uagb-ifb-content\"><div class=\"uagb-ifb-title-wrap\"><h1 class=\"uagb-ifb-title\">Stories That Inspire<\/h1><\/div><p class=\"uagb-ifb-desc\">Behind every adventure lies a unique story. This section is dedicated to the faces encountered along the trails, to life journeys that go beyond the usual paths, and to people who show that adventure has no age, no gender, and no single profile.<br>Through these portraits, I wish to highlight the diversity of hikers and adventurers. Some walk to push their limits, others to rebuild themselves, to explore the world, to slow down, or simply to feel alive. What they all share is a deep passion for movement, nature, and freedom<\/p><\/div><\/div>\n\n\n\n<div class=\"wp-block-uagb-buttons uagb-buttons__outer-wrap uagb-btn__default-btn uagb-btn-tablet__default-btn uagb-btn-mobile__default-btn uagb-block-glymvk0h\"><div class=\"uagb-buttons__wrap uagb-buttons-layout-wrap\">\n<div class=\"wp-block-uagb-buttons-child uagb-buttons__outer-wrap uagb-block-yqp4mget wp-block-button\"><div class=\"uagb-button__wrapper\"><a class=\"uagb-buttons-repeater wp-block-button__link\" aria-label=\"\" href=\"https:\/\/passiontrekking.com\/en\/naomie-veillette-faire-de-la-maternite-un-terrain-daventures\/\" rel=\"follow noopener\" target=\"_self\" role=\"button\"><div class=\"uagb-button__link\">Story of the week<\/div><\/a><\/div><\/div>\n<\/div><\/div>\n<\/div>\n\n\n\n<div class=\"wp-block-uagb-container uagb-block-r4kqfuth\">\n<div class=\"wp-block-uagb-image alignleft uagb-block-uytbom6c wp-block-uagb-image--layout-default wp-block-uagb-image--effect-static wp-block-uagb-image--align-left\"><figure class=\"wp-block-uagb-image__figure\"><img loading=\"lazy\" decoding=\"async\" srcset=\"https:\/\/passiontrekking.com\/wp-content\/uploads\/2025\/10\/grosse-montee.jpg ,https:\/\/passiontrekking.com\/wp-content\/uploads\/2025\/10\/grosse-montee.jpg 780w, https:\/\/passiontrekking.com\/wp-content\/uploads\/2025\/10\/grosse-montee.jpg 360w\" sizes=\"auto, (max-width: 480px) 150px\" src=\"https:\/\/passiontrekking.com\/wp-content\/uploads\/2025\/10\/grosse-montee.jpg\" alt=\"\" class=\"uag-image-4209\" width=\"270\" height=\"360\" title=\"grosse mont\u00e9e\" role=\"img\"\/><\/figure><\/div>\n\n\n\n<div class=\"wp-block-uagb-image alignleft uagb-block-2ablivst wp-block-uagb-image--layout-default wp-block-uagb-image--effect-static wp-block-uagb-image--align-left\"><figure class=\"wp-block-uagb-image__figure\"><img loading=\"lazy\" decoding=\"async\" srcset=\"https:\/\/passiontrekking.com\/wp-content\/uploads\/2025\/10\/Moi-de-dos-1024x682.jpg ,https:\/\/passiontrekking.com\/wp-content\/uploads\/2025\/10\/Moi-de-dos.jpg 780w, https:\/\/passiontrekking.com\/wp-content\/uploads\/2025\/10\/Moi-de-dos.jpg 360w\" sizes=\"auto, (max-width: 480px) 150px\" src=\"https:\/\/passiontrekking.com\/wp-content\/uploads\/2025\/10\/Moi-de-dos-1024x682.jpg\" alt=\"\" class=\"uag-image-4207\" width=\"270\" height=\"360\" title=\"Moi de dos\" role=\"img\"\/><\/figure><\/div>\n<\/div>\n<\/div><\/div>\n\n\n\n<div style=\"height:30px\" aria-hidden=\"true\" class=\"wp-block-spacer\"><\/div>\n\n\n\n\t\t\t<div class=\"wp-block-uagb-post-grid uagb-post-grid  uagb-post__image-position-top uagb-post__image-enabled uagb-block-0da49646     uagb-post__items uagb-post__columns-3 is-grid uagb-post__columns-tablet-2 uagb-post__columns-mobile-1 uagb-post__equal-height\" data-total=\"1\" style=\"\">\n\n\t\t\t\t\t\t\t\t\t\t\t\t<article class=\"uagb-post__inner-wrap\">\t\t\t\t\t\t\t\t<div class='uagb-post__image'>\n\t\t\t\t\t\t\t\t\t<a href=\"https:\/\/passiontrekking.com\/en\/naomie-veillette-faire-de-la-maternite-un-terrain-daventures\/\" target=\"_self\" rel=\"bookmark noopener noreferrer\" class='uagb-image-ratio-inherit'><img fetchpriority=\"high\" decoding=\"async\" width=\"768\" height=\"1024\" src=\"https:\/\/passiontrekking.com\/wp-content\/uploads\/2026\/03\/515453722_10163934413537590_8263713978260946604_n-768x1024.jpg\" class=\"attachment-large size-large\" alt=\"\" srcset=\"https:\/\/passiontrekking.com\/wp-content\/uploads\/2026\/03\/515453722_10163934413537590_8263713978260946604_n-768x1024.jpg 768w, https:\/\/passiontrekking.com\/wp-content\/uploads\/2026\/03\/515453722_10163934413537590_8263713978260946604_n-225x300.jpg 225w, https:\/\/passiontrekking.com\/wp-content\/uploads\/2026\/03\/515453722_10163934413537590_8263713978260946604_n-9x12.jpg 9w, https:\/\/passiontrekking.com\/wp-content\/uploads\/2026\/03\/515453722_10163934413537590_8263713978260946604_n-300x400.jpg 300w, https:\/\/passiontrekking.com\/wp-content\/uploads\/2026\/03\/515453722_10163934413537590_8263713978260946604_n-600x800.jpg 600w, https:\/\/passiontrekking.com\/wp-content\/uploads\/2026\/03\/515453722_10163934413537590_8263713978260946604_n.jpg 1080w\" sizes=\"(max-width: 768px) 100vw, 768px\" \/>\t\t\t\t\t<\/a>\n\t\t\t\t\t\t\t<\/div>\n\t\t\t\t\t\t<h4 class=\"uagb-post__title uagb-post__text\">\n\t\t\t\t<a href=\"https:\/\/passiontrekking.com\/en\/naomie-veillette-faire-de-la-maternite-un-terrain-daventures\/\" target=\"_self\" rel=\"bookmark noopener noreferrer\">Naomie Veillette\u00a0: faire de la maternit\u00e9 un terrain d\u2019aventures<\/a>\n\t\t\t<\/h4>\n\t\t\t\t\t\t<div class='uagb-post__text uagb-post-grid-byline'>\n\t\t\t\t\t\t\t\t<time datetime=\"2026-03-18T00:47:32+01:00\" class=\"uagb-post__date\">\n\t\t\t\t<span class=\"dashicons-calendar dashicons\"><\/span>\t\t\t\t\t18 March 2026\t\t\t\t<\/time>\n\t\t\t\t\t\t\t<span class=\"uagb-post__comment\">\n\t\t\t\t<span class=\"dashicons-admin-comments dashicons\"><\/span>\t\t\t\t\t2 Comments\t\t\t\t<\/span>\n\t\t\t\t\t\t<\/div>\n\t\t\t\t\t\t\t<div class='uagb-post__text uagb-post__excerpt'>\n\t\t\t\t\t<p>Juillet 2025. Alpes fran\u00e7aises. Lorsque Naomie Veillette atteint le refuge du col de la Vanoise&#8230;\t\t\t\t<\/div>\n\t\t\t\t\t\t<div class=\"uagb-post__text uagb-post__cta wp-block-button\">\n\t\t\t\t<a class=\"wp-block-button__link uagb-text-link\" style=\"\" href=\"https:\/\/passiontrekking.com\/en\/naomie-veillette-faire-de-la-maternite-un-terrain-daventures\/\" target=\"_self\" rel=\"bookmark noopener noreferrer\">Read More<\/a>\n\t\t\t<\/div>\n\t\t\t\n\t\t\t\t\t\t\t\t\t<\/article>\n\t\t\t\t\t\t\t\t\t\t\t\t\t\t\t\t<article class=\"uagb-post__inner-wrap\">\t\t\t\t\t\t\t\t<div class='uagb-post__image'>\n\t\t\t\t\t\t\t\t\t<a href=\"https:\/\/passiontrekking.com\/en\/dominique-ballet-entre-sirenes-et-morilles\/\" target=\"_self\" rel=\"bookmark noopener noreferrer\" class='uagb-image-ratio-inherit'><img decoding=\"async\" width=\"1024\" height=\"576\" src=\"https:\/\/passiontrekking.com\/wp-content\/uploads\/2026\/02\/1000042372-1024x576.jpg\" class=\"attachment-large size-large\" alt=\"\" srcset=\"https:\/\/passiontrekking.com\/wp-content\/uploads\/2026\/02\/1000042372-1024x576.jpg 1024w, https:\/\/passiontrekking.com\/wp-content\/uploads\/2026\/02\/1000042372-300x169.jpg 300w, https:\/\/passiontrekking.com\/wp-content\/uploads\/2026\/02\/1000042372-768x432.jpg 768w, https:\/\/passiontrekking.com\/wp-content\/uploads\/2026\/02\/1000042372-1536x864.jpg 1536w, https:\/\/passiontrekking.com\/wp-content\/uploads\/2026\/02\/1000042372-2048x1152.jpg 2048w, https:\/\/passiontrekking.com\/wp-content\/uploads\/2026\/02\/1000042372-18x10.jpg 18w, https:\/\/passiontrekking.com\/wp-content\/uploads\/2026\/02\/1000042372-600x338.jpg 600w\" sizes=\"(max-width: 1024px) 100vw, 1024px\" \/>\t\t\t\t\t<\/a>\n\t\t\t\t\t\t\t<\/div>\n\t\t\t\t\t\t<h4 class=\"uagb-post__title uagb-post__text\">\n\t\t\t\t<a href=\"https:\/\/passiontrekking.com\/en\/dominique-ballet-entre-sirenes-et-morilles\/\" target=\"_self\" rel=\"bookmark noopener noreferrer\">Dominique Ballet\u00a0: entre sir\u00e8nes et morilles<\/a>\n\t\t\t<\/h4>\n\t\t\t\t\t\t<div class='uagb-post__text uagb-post-grid-byline'>\n\t\t\t\t\t\t\t\t<time datetime=\"2026-02-27T23:43:30+01:00\" class=\"uagb-post__date\">\n\t\t\t\t<span class=\"dashicons-calendar dashicons\"><\/span>\t\t\t\t\t27 February 2026\t\t\t\t<\/time>\n\t\t\t\t\t\t\t<span class=\"uagb-post__comment\">\n\t\t\t\t<span class=\"dashicons-admin-comments dashicons\"><\/span>\t\t\t\t\tNo Comments\t\t\t\t<\/span>\n\t\t\t\t\t\t<\/div>\n\t\t\t\t\t\t\t<div class='uagb-post__text uagb-post__excerpt'>\n\t\t\t\t\t<p>Jeudi matin, 8&nbsp;h&nbsp;30, le 4&nbsp;d\u00e9cembre 2025. Attabl\u00e9s dans une petite salle de classe \u00e0 Sainte-Ad\u00e8le,&#8230;\t\t\t\t<\/div>\n\t\t\t\t\t\t<div class=\"uagb-post__text uagb-post__cta wp-block-button\">\n\t\t\t\t<a class=\"wp-block-button__link uagb-text-link\" style=\"\" href=\"https:\/\/passiontrekking.com\/en\/dominique-ballet-entre-sirenes-et-morilles\/\" target=\"_self\" rel=\"bookmark noopener noreferrer\">Read More<\/a>\n\t\t\t<\/div>\n\t\t\t\n\t\t\t\t\t\t\t\t\t<\/article>\n\t\t\t\t\t\t\t\t\t\t\t\t\t\t\t\t<article class=\"uagb-post__inner-wrap\">\t\t\t\t\t\t\t\t<div class='uagb-post__image'>\n\t\t\t\t\t\t\t\t\t<a href=\"https:\/\/passiontrekking.com\/en\/marion-abba-lappel-de-la-longue-randonnee-au-dela-de-la-douleur\/\" target=\"_self\" rel=\"bookmark noopener noreferrer\" class='uagb-image-ratio-inherit'><img decoding=\"async\" width=\"960\" height=\"720\" src=\"https:\/\/passiontrekking.com\/wp-content\/uploads\/2026\/02\/631950365_1593195532010636_7068448667072080122_n.jpg\" class=\"attachment-large size-large\" alt=\"\" srcset=\"https:\/\/passiontrekking.com\/wp-content\/uploads\/2026\/02\/631950365_1593195532010636_7068448667072080122_n.jpg 960w, https:\/\/passiontrekking.com\/wp-content\/uploads\/2026\/02\/631950365_1593195532010636_7068448667072080122_n-300x225.jpg 300w, https:\/\/passiontrekking.com\/wp-content\/uploads\/2026\/02\/631950365_1593195532010636_7068448667072080122_n-768x576.jpg 768w, https:\/\/passiontrekking.com\/wp-content\/uploads\/2026\/02\/631950365_1593195532010636_7068448667072080122_n-16x12.jpg 16w, https:\/\/passiontrekking.com\/wp-content\/uploads\/2026\/02\/631950365_1593195532010636_7068448667072080122_n-600x450.jpg 600w\" sizes=\"(max-width: 960px) 100vw, 960px\" \/>\t\t\t\t\t<\/a>\n\t\t\t\t\t\t\t<\/div>\n\t\t\t\t\t\t<h4 class=\"uagb-post__title uagb-post__text\">\n\t\t\t\t<a href=\"https:\/\/passiontrekking.com\/en\/marion-abba-lappel-de-la-longue-randonnee-au-dela-de-la-douleur\/\" target=\"_self\" rel=\"bookmark noopener noreferrer\">Marion Abba : l\u2019appel de la longue randonn\u00e9e, au-del\u00e0 de la douleur<\/a>\n\t\t\t<\/h4>\n\t\t\t\t\t\t<div class='uagb-post__text uagb-post-grid-byline'>\n\t\t\t\t\t\t\t\t<time datetime=\"2026-02-20T01:20:41+01:00\" class=\"uagb-post__date\">\n\t\t\t\t<span class=\"dashicons-calendar dashicons\"><\/span>\t\t\t\t\t20 February 2026\t\t\t\t<\/time>\n\t\t\t\t\t\t\t<span class=\"uagb-post__comment\">\n\t\t\t\t<span class=\"dashicons-admin-comments dashicons\"><\/span>\t\t\t\t\t4 Comments\t\t\t\t<\/span>\n\t\t\t\t\t\t<\/div>\n\t\t\t\t\t\t\t<div class='uagb-post__text uagb-post__excerpt'>\n\t\t\t\t\t<p>Qui n\u2019a jamais ressenti, en randonn\u00e9e, ces courbatures tenaces apr\u00e8s une longue journ\u00e9e de marche,&#8230;\t\t\t\t<\/div>\n\t\t\t\t\t\t<div class=\"uagb-post__text uagb-post__cta wp-block-button\">\n\t\t\t\t<a class=\"wp-block-button__link uagb-text-link\" style=\"\" href=\"https:\/\/passiontrekking.com\/en\/marion-abba-lappel-de-la-longue-randonnee-au-dela-de-la-douleur\/\" target=\"_self\" rel=\"bookmark noopener noreferrer\">Read More<\/a>\n\t\t\t<\/div>\n\t\t\t\n\t\t\t\t\t\t\t\t\t<\/article>\n\t\t\t\t\t\t\t\t\t\t\t\t\t\t\t\t<article class=\"uagb-post__inner-wrap\">\t\t\t\t\t\t\t\t<div class='uagb-post__image'>\n\t\t\t\t\t\t\t\t\t<a href=\"https:\/\/passiontrekking.com\/en\/jonathan-lessard-choisir-la-vie\/\" target=\"_self\" rel=\"bookmark noopener noreferrer\" class='uagb-image-ratio-inherit'><img loading=\"lazy\" decoding=\"async\" width=\"1024\" height=\"914\" src=\"https:\/\/passiontrekking.com\/wp-content\/uploads\/2026\/02\/Screenshot_20260209-192502-1024x914.png\" class=\"attachment-large size-large\" alt=\"\" srcset=\"https:\/\/passiontrekking.com\/wp-content\/uploads\/2026\/02\/Screenshot_20260209-192502-1024x914.png 1024w, https:\/\/passiontrekking.com\/wp-content\/uploads\/2026\/02\/Screenshot_20260209-192502-300x268.png 300w, https:\/\/passiontrekking.com\/wp-content\/uploads\/2026\/02\/Screenshot_20260209-192502-768x686.png 768w, https:\/\/passiontrekking.com\/wp-content\/uploads\/2026\/02\/Screenshot_20260209-192502-13x12.png 13w, https:\/\/passiontrekking.com\/wp-content\/uploads\/2026\/02\/Screenshot_20260209-192502-600x536.png 600w, https:\/\/passiontrekking.com\/wp-content\/uploads\/2026\/02\/Screenshot_20260209-192502.png 1080w\" sizes=\"(max-width: 1024px) 100vw, 1024px\" \/>\t\t\t\t\t<\/a>\n\t\t\t\t\t\t\t<\/div>\n\t\t\t\t\t\t<h4 class=\"uagb-post__title uagb-post__text\">\n\t\t\t\t<a href=\"https:\/\/passiontrekking.com\/en\/jonathan-lessard-choisir-la-vie\/\" target=\"_self\" rel=\"bookmark noopener noreferrer\">Jonathan Lessard, choisir la vie<\/a>\n\t\t\t<\/h4>\n\t\t\t\t\t\t<div class='uagb-post__text uagb-post-grid-byline'>\n\t\t\t\t\t\t\t\t<time datetime=\"2026-02-10T03:00:14+01:00\" class=\"uagb-post__date\">\n\t\t\t\t<span class=\"dashicons-calendar dashicons\"><\/span>\t\t\t\t\t10 February 2026\t\t\t\t<\/time>\n\t\t\t\t\t\t\t<span class=\"uagb-post__comment\">\n\t\t\t\t<span class=\"dashicons-admin-comments dashicons\"><\/span>\t\t\t\t\t2 Comments\t\t\t\t<\/span>\n\t\t\t\t\t\t<\/div>\n\t\t\t\t\t\t\t<div class='uagb-post__text uagb-post__excerpt'>\n\t\t\t\t\t<p>Ao\u00fbt 2025. Dans la petite grange du Domaine du Lac Galette, o\u00f9 se succ\u00e8dent les&#8230;\t\t\t\t<\/div>\n\t\t\t\t\t\t<div class=\"uagb-post__text uagb-post__cta wp-block-button\">\n\t\t\t\t<a class=\"wp-block-button__link uagb-text-link\" style=\"\" href=\"https:\/\/passiontrekking.com\/en\/jonathan-lessard-choisir-la-vie\/\" target=\"_self\" rel=\"bookmark noopener noreferrer\">Read More<\/a>\n\t\t\t<\/div>\n\t\t\t\n\t\t\t\t\t\t\t\t\t<\/article>\n\t\t\t\t\t\t\t\t\t\t\t\t\t\t\t\t<article class=\"uagb-post__inner-wrap\">\t\t\t\t\t\t\t\t<div class='uagb-post__image'>\n\t\t\t\t\t\t\t\t\t<a href=\"https:\/\/passiontrekking.com\/en\/anouk-leblanc-une-vie-de-plein-air-et-de-liberte\/\" target=\"_self\" rel=\"bookmark noopener noreferrer\" class='uagb-image-ratio-inherit'><img loading=\"lazy\" decoding=\"async\" width=\"1024\" height=\"683\" src=\"https:\/\/passiontrekking.com\/wp-content\/uploads\/2026\/02\/Messenger_creation_92D4CD1A-61FC-472B-B0A5-EF2A359AB9DF-1-1024x683.jpeg\" class=\"attachment-large size-large\" alt=\"\" srcset=\"https:\/\/passiontrekking.com\/wp-content\/uploads\/2026\/02\/Messenger_creation_92D4CD1A-61FC-472B-B0A5-EF2A359AB9DF-1-1024x683.jpeg 1024w, https:\/\/passiontrekking.com\/wp-content\/uploads\/2026\/02\/Messenger_creation_92D4CD1A-61FC-472B-B0A5-EF2A359AB9DF-1-300x200.jpeg 300w, https:\/\/passiontrekking.com\/wp-content\/uploads\/2026\/02\/Messenger_creation_92D4CD1A-61FC-472B-B0A5-EF2A359AB9DF-1-768x512.jpeg 768w, https:\/\/passiontrekking.com\/wp-content\/uploads\/2026\/02\/Messenger_creation_92D4CD1A-61FC-472B-B0A5-EF2A359AB9DF-1-1536x1024.jpeg 1536w, https:\/\/passiontrekking.com\/wp-content\/uploads\/2026\/02\/Messenger_creation_92D4CD1A-61FC-472B-B0A5-EF2A359AB9DF-1-18x12.jpeg 18w, https:\/\/passiontrekking.com\/wp-content\/uploads\/2026\/02\/Messenger_creation_92D4CD1A-61FC-472B-B0A5-EF2A359AB9DF-1-600x400.jpeg 600w, https:\/\/passiontrekking.com\/wp-content\/uploads\/2026\/02\/Messenger_creation_92D4CD1A-61FC-472B-B0A5-EF2A359AB9DF-1.jpeg 2048w\" sizes=\"(max-width: 1024px) 100vw, 1024px\" \/>\t\t\t\t\t<\/a>\n\t\t\t\t\t\t\t<\/div>\n\t\t\t\t\t\t<h4 class=\"uagb-post__title uagb-post__text\">\n\t\t\t\t<a href=\"https:\/\/passiontrekking.com\/en\/anouk-leblanc-une-vie-de-plein-air-et-de-liberte\/\" target=\"_self\" rel=\"bookmark noopener noreferrer\">Anouk Leblanc, une vie de plein air et de libert\u00e9<\/a>\n\t\t\t<\/h4>\n\t\t\t\t\t\t<div class='uagb-post__text uagb-post-grid-byline'>\n\t\t\t\t\t\t\t\t<time datetime=\"2026-02-03T14:43:04+01:00\" class=\"uagb-post__date\">\n\t\t\t\t<span class=\"dashicons-calendar dashicons\"><\/span>\t\t\t\t\t3 February 2026\t\t\t\t<\/time>\n\t\t\t\t\t\t\t<span class=\"uagb-post__comment\">\n\t\t\t\t<span class=\"dashicons-admin-comments dashicons\"><\/span>\t\t\t\t\tNo Comments\t\t\t\t<\/span>\n\t\t\t\t\t\t<\/div>\n\t\t\t\t\t\t\t<div class='uagb-post__text uagb-post__excerpt'>\n\t\t\t\t\t<p>Cr\u00e9dit photo: Alexe Root Il y a des gens pour qui la libert\u00e9 ne se&#8230;\t\t\t\t<\/div>\n\t\t\t\t\t\t<div class=\"uagb-post__text uagb-post__cta wp-block-button\">\n\t\t\t\t<a class=\"wp-block-button__link uagb-text-link\" style=\"\" href=\"https:\/\/passiontrekking.com\/en\/anouk-leblanc-une-vie-de-plein-air-et-de-liberte\/\" target=\"_self\" rel=\"bookmark noopener noreferrer\">Read More<\/a>\n\t\t\t<\/div>\n\t\t\t\n\t\t\t\t\t\t\t\t\t<\/article>\n\t\t\t\t\t\t\t\t\t\t\t\t\t\t\t\t<article class=\"uagb-post__inner-wrap\">\t\t\t\t\t\t\t\t<div class='uagb-post__image'>\n\t\t\t\t\t\t\t\t\t<a href=\"https:\/\/passiontrekking.com\/en\/sandy-lapointe-choisir-davancer-malgre-le-diabete\/\" target=\"_self\" rel=\"bookmark noopener noreferrer\" class='uagb-image-ratio-inherit'><img loading=\"lazy\" decoding=\"async\" width=\"800\" height=\"600\" src=\"https:\/\/passiontrekking.com\/wp-content\/uploads\/2026\/01\/IMG_74851.jpg\" class=\"attachment-large size-large\" alt=\"\" srcset=\"https:\/\/passiontrekking.com\/wp-content\/uploads\/2026\/01\/IMG_74851.jpg 800w, https:\/\/passiontrekking.com\/wp-content\/uploads\/2026\/01\/IMG_74851-300x225.jpg 300w, https:\/\/passiontrekking.com\/wp-content\/uploads\/2026\/01\/IMG_74851-768x576.jpg 768w, https:\/\/passiontrekking.com\/wp-content\/uploads\/2026\/01\/IMG_74851-16x12.jpg 16w, https:\/\/passiontrekking.com\/wp-content\/uploads\/2026\/01\/IMG_74851-600x450.jpg 600w\" sizes=\"(max-width: 800px) 100vw, 800px\" \/>\t\t\t\t\t<\/a>\n\t\t\t\t\t\t\t<\/div>\n\t\t\t\t\t\t<h4 class=\"uagb-post__title uagb-post__text\">\n\t\t\t\t<a href=\"https:\/\/passiontrekking.com\/en\/sandy-lapointe-choisir-davancer-malgre-le-diabete\/\" target=\"_self\" rel=\"bookmark noopener noreferrer\">Sandy Lapointe, choisir d\u2019avancer malgr\u00e9 le diab\u00e8te<\/a>\n\t\t\t<\/h4>\n\t\t\t\t\t\t<div class='uagb-post__text uagb-post-grid-byline'>\n\t\t\t\t\t\t\t\t<time datetime=\"2026-01-18T00:22:02+01:00\" class=\"uagb-post__date\">\n\t\t\t\t<span class=\"dashicons-calendar dashicons\"><\/span>\t\t\t\t\t18 January 2026\t\t\t\t<\/time>\n\t\t\t\t\t\t\t<span class=\"uagb-post__comment\">\n\t\t\t\t<span class=\"dashicons-admin-comments dashicons\"><\/span>\t\t\t\t\t4 Comments\t\t\t\t<\/span>\n\t\t\t\t\t\t<\/div>\n\t\t\t\t\t\t\t<div class='uagb-post__text uagb-post__excerpt'>\n\t\t\t\t\t<p>1,9\u00a0km de natation.90 kilom\u00e8tres de v\u00e9lo.21\u00a0kilom\u00e8tres de course \u00e0 pied. Nous sommes \u00e0 l\u2019\u00e9t\u00e9\u00a02024 et&#8230;\t\t\t\t<\/div>\n\t\t\t\t\t\t<div class=\"uagb-post__text uagb-post__cta wp-block-button\">\n\t\t\t\t<a class=\"wp-block-button__link uagb-text-link\" style=\"\" href=\"https:\/\/passiontrekking.com\/en\/sandy-lapointe-choisir-davancer-malgre-le-diabete\/\" target=\"_self\" rel=\"bookmark noopener noreferrer\">Read More<\/a>\n\t\t\t<\/div>\n\t\t\t\n\t\t\t\t\t\t\t\t\t<\/article>\n\t\t\t\t\t\t\t\t\t\t\t\t\t\t\t\t<article class=\"uagb-post__inner-wrap\">\t\t\t\t\t\t\t\t<div class='uagb-post__image'>\n\t\t\t\t\t\t\t\t\t<a href=\"https:\/\/passiontrekking.com\/en\/hugo-lespagnol-marcher-pour-se-relever\/\" target=\"_self\" rel=\"bookmark noopener noreferrer\" class='uagb-image-ratio-inherit'><img loading=\"lazy\" decoding=\"async\" width=\"960\" height=\"958\" src=\"https:\/\/passiontrekking.com\/wp-content\/uploads\/2025\/12\/FB_IMG_1766954515134.jpg\" class=\"attachment-large size-large\" alt=\"\" srcset=\"https:\/\/passiontrekking.com\/wp-content\/uploads\/2025\/12\/FB_IMG_1766954515134.jpg 960w, https:\/\/passiontrekking.com\/wp-content\/uploads\/2025\/12\/FB_IMG_1766954515134-300x299.jpg 300w, https:\/\/passiontrekking.com\/wp-content\/uploads\/2025\/12\/FB_IMG_1766954515134-150x150.jpg 150w, https:\/\/passiontrekking.com\/wp-content\/uploads\/2025\/12\/FB_IMG_1766954515134-768x766.jpg 768w, https:\/\/passiontrekking.com\/wp-content\/uploads\/2025\/12\/FB_IMG_1766954515134-12x12.jpg 12w, https:\/\/passiontrekking.com\/wp-content\/uploads\/2025\/12\/FB_IMG_1766954515134-600x599.jpg 600w, https:\/\/passiontrekking.com\/wp-content\/uploads\/2025\/12\/FB_IMG_1766954515134-100x100.jpg 100w\" sizes=\"(max-width: 960px) 100vw, 960px\" \/>\t\t\t\t\t<\/a>\n\t\t\t\t\t\t\t<\/div>\n\t\t\t\t\t\t<h4 class=\"uagb-post__title uagb-post__text\">\n\t\t\t\t<a href=\"https:\/\/passiontrekking.com\/en\/hugo-lespagnol-marcher-pour-se-relever\/\" target=\"_self\" rel=\"bookmark noopener noreferrer\">Hugo Lespagnol, Walking to Rise Again<\/a>\n\t\t\t<\/h4>\n\t\t\t\t\t\t<div class='uagb-post__text uagb-post-grid-byline'>\n\t\t\t\t\t\t\t\t<time datetime=\"2025-12-28T22:43:04+01:00\" class=\"uagb-post__date\">\n\t\t\t\t<span class=\"dashicons-calendar dashicons\"><\/span>\t\t\t\t\t28 December 2025\t\t\t\t<\/time>\n\t\t\t\t\t\t\t<span class=\"uagb-post__comment\">\n\t\t\t\t<span class=\"dashicons-admin-comments dashicons\"><\/span>\t\t\t\t\t4 Comments\t\t\t\t<\/span>\n\t\t\t\t\t\t<\/div>\n\t\t\t\t\t\t\t<div class='uagb-post__text uagb-post__excerpt'>\n\t\t\t\t\t<p>Quand Hugo Lespagnol se lance sur l\u2019HexaTrek en 2024, un sentier de plus de 3&#8230;\t\t\t\t<\/div>\n\t\t\t\t\t\t<div class=\"uagb-post__text uagb-post__cta wp-block-button\">\n\t\t\t\t<a class=\"wp-block-button__link uagb-text-link\" style=\"\" href=\"https:\/\/passiontrekking.com\/en\/hugo-lespagnol-marcher-pour-se-relever\/\" target=\"_self\" rel=\"bookmark noopener noreferrer\">Read More<\/a>\n\t\t\t<\/div>\n\t\t\t\n\t\t\t\t\t\t\t\t\t<\/article>\n\t\t\t\t\t\t\t\t\t\t\t<\/div>\n\t\t\t\n\n\n<p><\/p>","protected":false},"excerpt":{"rendered":"","protected":false},"author":1,"featured_media":0,"parent":0,"menu_order":0,"comment_status":"closed","ping_status":"closed","template":"","meta":{"om_disable_all_campaigns":false,"_uag_custom_page_level_css":"","_monsterinsights_skip_tracking":false,"_monsterinsights_sitenote_active":false,"_monsterinsights_sitenote_note":"","_monsterinsights_sitenote_category":0,"site-sidebar-layout":"default","site-content-layout":"","ast-site-content-layout":"default","site-content-style":"default","site-sidebar-style":"default","ast-global-header-display":"","ast-banner-title-visibility":"","ast-main-header-display":"","ast-hfb-above-header-display":"","ast-hfb-below-header-display":"","ast-hfb-mobile-header-display":"","site-post-title":"","ast-breadcrumbs-content":"","ast-featured-img":"","footer-sml-layout":"","ast-disable-related-posts":"","theme-transparent-header-meta":"disabled","adv-header-id-meta":"","stick-header-meta":"","header-above-stick-meta":"","header-main-stick-meta":"","header-below-stick-meta":"","astra-migrate-meta-layouts":"set","ast-page-background-enabled":"default","ast-page-background-meta":{"desktop":{"background-color":"","background-image":"","background-repeat":"repeat","background-position":"center center","background-size":"auto","background-attachment":"scroll","background-type":"","background-media":"","overlay-type":"","overlay-color":"","overlay-opacity":"","overlay-gradient":""},"tablet":{"background-color":"","background-image":"","background-repeat":"repeat","background-position":"center center","background-size":"auto","background-attachment":"scroll","background-type":"","background-media":"","overlay-type":"","overlay-color":"","overlay-opacity":"","overlay-gradient":""},"mobile":{"background-color":"","background-image":"","background-repeat":"repeat","background-position":"center center","background-size":"auto","background-attachment":"scroll","background-type":"","background-media":"","overlay-type":"","overlay-color":"","overlay-opacity":"","overlay-gradient":""}},"ast-content-background-meta":{"desktop":{"background-color":"var(--ast-global-color-5)","background-image":"","background-repeat":"repeat","background-position":"center center","background-size":"auto","background-attachment":"scroll","background-type":"","background-media":"","overlay-type":"","overlay-color":"","overlay-opacity":"","overlay-gradient":""},"tablet":{"background-color":"var(--ast-global-color-5)","background-image":"","background-repeat":"repeat","background-position":"center center","background-size":"auto","background-attachment":"scroll","background-type":"","background-media":"","overlay-type":"","overlay-color":"","overlay-opacity":"","overlay-gradient":""},"mobile":{"background-color":"var(--ast-global-color-5)","background-image":"","background-repeat":"repeat","background-position":"center center","background-size":"auto","background-attachment":"scroll","background-type":"","background-media":"","overlay-type":"","overlay-color":"","overlay-opacity":"","overlay-gradient":""}},"footnotes":""},"class_list":["post-4487","page","type-page","status-publish","hentry"],"aioseo_notices":[],"uagb_featured_image_src":{"full":false,"thumbnail":false,"medium":false,"medium_large":false,"large":false,"1536x1536":false,"2048x2048":false,"trp-custom-language-flag":false,"woocommerce_thumbnail":false,"woocommerce_single":false,"woocommerce_gallery_thumbnail":false},"uagb_author_info":{"display_name":"passiontrekking.com","author_link":"https:\/\/passiontrekking.com\/en\/author\/passiontrekking-com\/"},"uagb_comment_info":0,"uagb_excerpt":null,"jetpack_sharing_enabled":true,"_links":{"self":[{"href":"https:\/\/passiontrekking.com\/en\/wp-json\/wp\/v2\/pages\/4487","targetHints":{"allow":["GET"]}}],"collection":[{"href":"https:\/\/passiontrekking.com\/en\/wp-json\/wp\/v2\/pages"}],"about":[{"href":"https:\/\/passiontrekking.com\/en\/wp-json\/wp\/v2\/types\/page"}],"author":[{"embeddable":true,"href":"https:\/\/passiontrekking.com\/en\/wp-json\/wp\/v2\/users\/1"}],"replies":[{"embeddable":true,"href":"https:\/\/passiontrekking.com\/en\/wp-json\/wp\/v2\/comments?post=4487"}],"version-history":[{"count":18,"href":"https:\/\/passiontrekking.com\/en\/wp-json\/wp\/v2\/pages\/4487\/revisions"}],"predecessor-version":[{"id":4746,"href":"https:\/\/passiontrekking.com\/en\/wp-json\/wp\/v2\/pages\/4487\/revisions\/4746"}],"wp:attachment":[{"href":"https:\/\/passiontrekking.com\/en\/wp-json\/wp\/v2\/media?parent=4487"}],"curies":[{"name":"wp","href":"https:\/\/api.w.org\/{rel}","templated":true}]}}