{"id":3955,"date":"2025-05-16T03:35:17","date_gmt":"2025-05-16T01:35:17","guid":{"rendered":"https:\/\/passiontrekking.com\/?post_type=product&#038;p=3955"},"modified":"2026-05-12T19:56:54","modified_gmt":"2026-05-12T17:56:54","slug":"democratiser-la-longue-randonnee-un-guide-pour-traverser-la-france-a-pied-sur-le-sentier-de-lhexatrek-version-pdf","status":"publish","type":"product","link":"https:\/\/passiontrekking.com\/en\/product\/democratiser-la-longue-randonnee-un-guide-pour-traverser-la-france-a-pied-sur-le-sentier-de-lhexatrek-version-pdf\/","title":{"rendered":"HexaTrek: Guide complet pour traverser la France \u00e0 pied"},"content":{"rendered":"<h3 data-start=\"221\" data-end=\"265\"><strong data-start=\"221\" data-end=\"265\">Et si vous traversiez la France \u00e0 pied ?<\/strong><\/h3>\n<p data-start=\"123\" data-end=\"554\">Forte de<strong data-start=\"123\" data-end=\"307\"> pr\u00e8s de 10 ans d\u2019exp\u00e9rience en longue randonn\u00e9e <\/strong>et de plus de<strong data-start=\"123\" data-end=\"307\"> 5 000 km parcourus partout dans le monde, j\u2019ai con\u00e7u ce guide,<\/strong><em> D\u00e9mocratiser la longue randonn\u00e9e &#8211; Un guide pour traverser la France \u00e0 pied sur le sentier de l&rsquo;HexaTrek<\/em><strong data-start=\"123\" data-end=\"307\">,\u00a0 pour vous accompagner sur l\u2019HexaTrek, de la pr\u00e9paration au retour \u00e0 la maison.<\/strong> N\u00e9 de mon exp\u00e9rience personnelle sur l\u2019HexaTrek, enrichi de t\u00e9moignages et r\u00e9vis\u00e9 par des experts (guide d\u2019aventure, physioth\u00e9rapeute et bien d\u2019autres), ce guide vous donnera toutes les cl\u00e9s pour r\u00e9ussir \u00e0 votre tour votre grande travers\u00e9e de la France!<\/p>\n<hr data-start=\"518\" data-end=\"521\" \/>\n<h3 data-start=\"523\" data-end=\"567\">Ce que vous trouverez dans ce guide :<\/h3>\n<ul>\n<li style=\"list-style-type: none\">\n<ul>\n<li data-start=\"571\" data-end=\"655\">Plus de <strong data-start=\"579\" data-end=\"614\">450 pages de conseils pratiques<\/strong> pour planifier et vivre votre HexaTrek<\/li>\n<li data-start=\"658\" data-end=\"778\">Des chapitres d\u00e9taill\u00e9s sur les <strong data-start=\"680\" data-end=\"711\">6 grandes \u00e9tapes et les sous-sections du sentier<\/strong>, avec suggestions, conseils et coups de c\u0153ur pour chaque portion<\/li>\n<li data-start=\"781\" data-end=\"948\">Des outils concrets pour organiser votre <strong data-start=\"822\" data-end=\"881\">pr\u00e9paration physique, logistique, mentale et financi\u00e8re<\/strong>, avec des comparaisons \u00e0 d\u2019autres grandes randonn\u00e9es internationales<\/li>\n<li data-start=\"951\" data-end=\"1024\">Des <strong data-start=\"955\" data-end=\"980\">interviews exclusives<\/strong> de randonneuses et randonneurs inspirants<\/li>\n<li data-start=\"1027\" data-end=\"1186\">Des <strong data-start=\"1031\" data-end=\"1050\">astuces terrain<\/strong> pour le bivouac, l\u2019alimentation, l\u2019hydratation, la gestion du mental et des blessures, la faune, les intemp\u00e9ries\u2026 et bien plus encore<\/li>\n<li>Un contenu r\u00e9vis\u00e9 par des experts \u2014 guide d\u2019aventure, physioth\u00e9rapeute et bien d\u2019autres<\/li>\n<li data-start=\"1189\" data-end=\"1281\">Une section d\u00e9di\u00e9e \u00e0 <strong data-start=\"1210\" data-end=\"1226\">l\u2019apr\u00e8s-trek<\/strong> : retour \u00e0 la maison, r\u00e9int\u00e9gration, bilan personnel<\/li>\n<\/ul>\n<\/li>\n<\/ul>\n<p>&nbsp;<\/p>\n<hr data-start=\"1417\" data-end=\"1420\" \/>\n<h3 data-start=\"1422\" data-end=\"1445\">\u00a0Format num\u00e9rique<\/h3>\n<ul data-start=\"1446\" data-end=\"1601\">\n<li data-start=\"1446\" data-end=\"1500\">\n<p data-start=\"1448\" data-end=\"1500\"><strong data-start=\"1448\" data-end=\"1498\">Version PDF et version EPUB (pour EBOOK) t\u00e9l\u00e9chargeables imm\u00e9diatement apr\u00e8s l&rsquo;achat<\/strong><\/p>\n<\/li>\n<li data-start=\"1501\" data-end=\"1550\">\n<p data-start=\"1503\" data-end=\"1550\">Compatible <strong data-start=\"1514\" data-end=\"1548\">mobile, tablette, ordinateur et liseuse \u00e9lectronique\u00a0<\/strong><\/p>\n<\/li>\n<li data-start=\"1551\" data-end=\"1601\">\n<p data-start=\"1553\" data-end=\"1601\"><strong data-start=\"1553\" data-end=\"1601\">Usage personnel uniquement \u2013 contenu prot\u00e9g\u00e9<\/strong><\/p>\n<\/li>\n<\/ul>","protected":false},"excerpt":{"rendered":"<p data-start=\"71\" data-end=\"301\"><strong>Dans ce guide \u00e0 la fois inspirant et pratique, Charlotte Beauchemin vous emm\u00e8ne sur l&rsquo;HexaTrek, un sentier de plus de 3\u202f000\u202fkilom\u00e8tres qui traverse la France de la fronti\u00e8re allemande jusqu\u2019\u00e0 l\u2019oc\u00e9an Atlantique.<\/strong><\/p>\n<p data-start=\"71\" data-end=\"301\">Dans ce livre, <em>D\u00e9mocratiser la longue randonn\u00e9e &#8211; Un guide pour traverser la France \u00e0 pied sur le sentier de l&rsquo;HexaTrek, <\/em>vous y trouverez des conseils logistiques concrets, des t\u00e9moignages de randonneurs, des informations d\u00e9taill\u00e9es sur chaque section du sentier, ainsi que des outils pour vous pr\u00e9parer physiquement et mentalement \u00e0 cette grande aventure.<\/p>\n<p data-start=\"560\" data-end=\"589\"><strong data-start=\"564\" data-end=\"589\">\u00c0 propos de l\u2019auteure<\/strong><\/p>\n<p data-start=\"591\" data-end=\"849\">Charlotte Beauchemin est une aventuri\u00e8re qu\u00e9b\u00e9coise passionn\u00e9e de longue randonn\u00e9e. \u00c2g\u00e9e de 28\u202fans, elle cumule pr\u00e8s de dix ans d\u2019exp\u00e9rience et plus de 5\u202f000\u202fkilom\u00e8tres parcourus \u00e0 travers le monde, dont la travers\u00e9e compl\u00e8te de l&rsquo;HexaTrek en\u202f2024.<\/p>\n<p><strong>Quelques retours de clients<\/strong><\/p>\n<blockquote><p>\u00ab Pour avoir achet\u00e9 l&rsquo;ouvrage de Charlotte, il faut le dire haut et fort, c&rsquo;est une mine d&rsquo;or. Absolument tous les sujets sont abord\u00e9s, avec conseils, bienveillance, et pertinence. Tout est fait pour r\u00e9pondre aux nombreuses questions qui peuvent monter \u00e0 la t\u00eate avant le d\u00e9part. Un vrai travail de r\u00e9daction pour prendre le temps d&rsquo;entrer dans le d\u00e9tail. Foncez! \u00bb<\/p>\n<p>&#8211; Corentin Le Bonzec, finisher de l&rsquo;Hexatrek en 2025<\/p>\n<p>\u00ab Je l&rsquo;ai lu et je conseille les yeux ferm\u00e9s. Une v\u00e9ritable bible de l&rsquo;Hexa pour tout ceux qui veulent voyager sur l&rsquo;Hexatrek. Merci Charlotte pour toutes ces infos. Merci d&rsquo;avoir partag\u00e9 ta passion. Merci de m&rsquo;avoir rassur\u00e9 \u00bb<\/p>\n<p>&#8211; Johan Delestre, Hexatrek 2025<\/p><\/blockquote>\n<p><strong style=\"font-size: 16px;\">Extraits gratuits du livre<\/strong><\/p>\n<ul>\n<li><a title=\"Extraits gratuits: D\u00e9mocratiser la longue randonn\u00e9e - Un guide pour traverser la France \u00e0 pied sur le sentier de l'HexaTrek\" href=\"http:\/\/passiontrekking.com\/wp-content\/uploads\/2026\/03\/Extraits-gratuits-Democratiser-la-longue-randonnee.pdf\" target=\"_blank\" rel=\"noopener\">Extraits gratuits: D\u00e9mocratiser la longue randonn\u00e9e &#8211; Un guide pour traverser la France \u00e0 pied sur le sentier de l&rsquo;HexaTrek<\/a><\/li>\n<\/ul>","protected":false},"featured_media":4728,"comment_status":"open","ping_status":"closed","template":"","meta":{"om_disable_all_campaigns":false,"_uag_custom_page_level_css":"","_monsterinsights_skip_tracking":false,"_monsterinsights_sitenote_active":false,"_monsterinsights_sitenote_note":"","_monsterinsights_sitenote_category":0,"site-sidebar-layout":"default","site-content-layout":"","ast-site-content-layout":"default","site-content-style":"default","site-sidebar-style":"default","ast-global-header-display":"","ast-banner-title-visibility":"","ast-main-header-display":"","ast-hfb-above-header-display":"disabled","ast-hfb-below-header-display":"","ast-hfb-mobile-header-display":"","site-post-title":"","ast-breadcrumbs-content":"","ast-featured-img":"","footer-sml-layout":"","ast-disable-related-posts":"","theme-transparent-header-meta":"default","adv-header-id-meta":"","stick-header-meta":"","header-above-stick-meta":"","header-main-stick-meta":"","header-below-stick-meta":"","astra-migrate-meta-layouts":"set","ast-page-background-enabled":"default","ast-page-background-meta":{"desktop":{"background-color":"","background-image":"","background-repeat":"repeat","background-position":"center center","background-size":"auto","background-attachment":"scroll","background-type":"","background-media":"","overlay-type":"","overlay-color":"","overlay-opacity":"","overlay-gradient":""},"tablet":{"background-color":"","background-image":"","background-repeat":"repeat","background-position":"center center","background-size":"auto","background-attachment":"scroll","background-type":"","background-media":"","overlay-type":"","overlay-color":"","overlay-opacity":"","overlay-gradient":""},"mobile":{"background-color":"","background-image":"","background-repeat":"repeat","background-position":"center center","background-size":"auto","background-attachment":"scroll","background-type":"","background-media":"","overlay-type":"","overlay-color":"","overlay-opacity":"","overlay-gradient":""}},"ast-content-background-meta":{"desktop":{"background-color":"var(--ast-global-color-5)","background-image":"","background-repeat":"repeat","background-position":"center center","background-size":"auto","background-attachment":"scroll","background-type":"","background-media":"","overlay-type":"","overlay-color":"","overlay-opacity":"","overlay-gradient":""},"tablet":{"background-color":"var(--ast-global-color-5)","background-image":"","background-repeat":"repeat","background-position":"center center","background-size":"auto","background-attachment":"scroll","background-type":"","background-media":"","overlay-type":"","overlay-color":"","overlay-opacity":"","overlay-gradient":""},"mobile":{"background-color":"var(--ast-global-color-5)","background-image":"","background-repeat":"repeat","background-position":"center center","background-size":"auto","background-attachment":"scroll","background-type":"","background-media":"","overlay-type":"","overlay-color":"","overlay-opacity":"","overlay-gradient":""}}},"product_brand":[],"product_cat":[42],"product_tag":[],"class_list":{"0":"post-3955","1":"product","2":"type-product","3":"status-publish","4":"has-post-thumbnail","6":"product_cat-hexatrek","7":"desktop-align-left","8":"tablet-align-left","9":"mobile-align-left","11":"first","12":"instock","13":"downloadable","14":"shipping-taxable","15":"purchasable","16":"product-type-simple"},"aioseo_notices":[],"uagb_featured_image_src":{"full":["https:\/\/passiontrekking.com\/wp-content\/uploads\/2025\/05\/guide-hexatrek-francais.png",1755,2194,false],"thumbnail":["https:\/\/passiontrekking.com\/wp-content\/uploads\/2025\/05\/guide-hexatrek-francais-150x150.png",150,150,true],"medium":["https:\/\/passiontrekking.com\/wp-content\/uploads\/2025\/05\/guide-hexatrek-francais-240x300.png",240,300,true],"medium_large":["https:\/\/passiontrekking.com\/wp-content\/uploads\/2025\/05\/guide-hexatrek-francais-768x960.png",768,960,true],"large":["https:\/\/passiontrekking.com\/wp-content\/uploads\/2025\/05\/guide-hexatrek-francais-819x1024.png",819,1024,true],"1536x1536":["https:\/\/passiontrekking.com\/wp-content\/uploads\/2025\/05\/guide-hexatrek-francais-1229x1536.png",1229,1536,true],"2048x2048":["https:\/\/passiontrekking.com\/wp-content\/uploads\/2025\/05\/guide-hexatrek-francais-1638x2048.png",1638,2048,true],"trp-custom-language-flag":["https:\/\/passiontrekking.com\/wp-content\/uploads\/2025\/05\/guide-hexatrek-francais-10x12.png",10,12,true],"woocommerce_thumbnail":["https:\/\/passiontrekking.com\/wp-content\/uploads\/2025\/05\/guide-hexatrek-francais-300x375.png",300,375,true],"woocommerce_single":["https:\/\/passiontrekking.com\/wp-content\/uploads\/2025\/05\/guide-hexatrek-francais-600x750.png",600,750,true],"woocommerce_gallery_thumbnail":["https:\/\/passiontrekking.com\/wp-content\/uploads\/2025\/05\/guide-hexatrek-francais-100x100.png",100,100,true]},"uagb_author_info":{"display_name":"passiontrekking.com","author_link":"https:\/\/passiontrekking.com\/en\/author\/"},"uagb_comment_info":4,"uagb_excerpt":"Dans ce guide \u00e0 la fois inspirant et pratique, Charlotte Beauchemin vous emm\u00e8ne sur l'HexaTrek, un sentier de plus de 3\u202f000\u202fkilom\u00e8tres qui traverse la France de la fronti\u00e8re allemande jusqu\u2019\u00e0 l\u2019oc\u00e9an Atlantique. Dans ce livre, D\u00e9mocratiser la longue randonn\u00e9e - Un guide pour traverser la France \u00e0 pied sur le sentier de l'HexaTrek, vous y&hellip;","jetpack_sharing_enabled":true,"_links":{"self":[{"href":"https:\/\/passiontrekking.com\/en\/wp-json\/wp\/v2\/product\/3955","targetHints":{"allow":["GET"]}}],"collection":[{"href":"https:\/\/passiontrekking.com\/en\/wp-json\/wp\/v2\/product"}],"about":[{"href":"https:\/\/passiontrekking.com\/en\/wp-json\/wp\/v2\/types\/product"}],"replies":[{"embeddable":true,"href":"https:\/\/passiontrekking.com\/en\/wp-json\/wp\/v2\/comments?post=3955"}],"wp:featuredmedia":[{"embeddable":true,"href":"https:\/\/passiontrekking.com\/en\/wp-json\/wp\/v2\/media\/4728"}],"wp:attachment":[{"href":"https:\/\/passiontrekking.com\/en\/wp-json\/wp\/v2\/media?parent=3955"}],"wp:term":[{"taxonomy":"product_brand","embeddable":true,"href":"https:\/\/passiontrekking.com\/en\/wp-json\/wp\/v2\/product_brand?post=3955"},{"taxonomy":"product_cat","embeddable":true,"href":"https:\/\/passiontrekking.com\/en\/wp-json\/wp\/v2\/product_cat?post=3955"},{"taxonomy":"product_tag","embeddable":true,"href":"https:\/\/passiontrekking.com\/en\/wp-json\/wp\/v2\/product_tag?post=3955"}],"curies":[{"name":"wp","href":"https:\/\/api.w.org\/{rel}","templated":true}]}}